{"id":690,"date":"2024-04-30T11:54:45","date_gmt":"2024-04-30T09:54:45","guid":{"rendered":"https:\/\/childfullness.fr\/?page_id=690"},"modified":"2024-08-27T13:18:11","modified_gmt":"2024-08-27T11:18:11","slug":"a-propos","status":"publish","type":"page","link":"https:\/\/childfullness.fr\/?page_id=690","title":{"rendered":"A propos"},"content":{"rendered":"<div id='av_section_1'  class='avia-section av-lsucweq8-79b08ceb50dcb54d0ffb40137b550e70 main_color avia-section-default avia-shadow  avia-builder-el-0  el_before_av_section  avia-builder-el-first  avia-bg-style-scroll container_wrap sidebar_right'  ><div class='container av-section-cont-open' ><main  role=\"main\" itemprop=\"mainContentOfPage\"  class='template-page content  av-content-small alpha units'><div class='post-entry post-entry-type-page post-entry-690'><div class='entry-content-wrapper clearfix'>\n\n<style type=\"text\/css\" data-created_by=\"avia_inline_auto\" id=\"style-css-av-lst2wqf2-da6e5cda5fb3a9deb8bab3683873a0d3\">\n#top .av-special-heading.av-lst2wqf2-da6e5cda5fb3a9deb8bab3683873a0d3{\npadding-bottom:20px;\nfont-size:30px;\n}\nbody .av-special-heading.av-lst2wqf2-da6e5cda5fb3a9deb8bab3683873a0d3 .av-special-heading-tag .heading-char{\nfont-size:25px;\n}\n#top #wrap_all .av-special-heading.av-lst2wqf2-da6e5cda5fb3a9deb8bab3683873a0d3 .av-special-heading-tag{\nfont-size:30px;\n}\n.av-special-heading.av-lst2wqf2-da6e5cda5fb3a9deb8bab3683873a0d3 .av-subheading{\nfont-size:15px;\n}\n\n@media only screen and (min-width: 480px) and (max-width: 767px){ \n#top #wrap_all .av-special-heading.av-lst2wqf2-da6e5cda5fb3a9deb8bab3683873a0d3 .av-special-heading-tag{\nfont-size:0.8em;\n}\n}\n\n@media only screen and (max-width: 479px){ \n#top #wrap_all .av-special-heading.av-lst2wqf2-da6e5cda5fb3a9deb8bab3683873a0d3 .av-special-heading-tag{\nfont-size:0.8em;\n}\n}\n<\/style>\n<div  class='av-special-heading av-lst2wqf2-da6e5cda5fb3a9deb8bab3683873a0d3 av-special-heading-h3 blockquote modern-quote modern-centered  avia-builder-el-1  el_before_av_hr  avia-builder-el-first  av-inherit-size'><h3 class='av-special-heading-tag'  itemprop=\"headline\"  >Marie Perrier, fondatrice <span class='special_amp'>&amp;<\/span> directrice<\/h3><div class=\"special-heading-border\"><div class=\"special-heading-inner-border\"><\/div><\/div><\/div>\n\n<style type=\"text\/css\" data-created_by=\"avia_inline_auto\" id=\"style-css-av-heuw2-b8efd8dab132dd353dad0fbc2daf10ff\">\n#top .hr.hr-invisible.av-heuw2-b8efd8dab132dd353dad0fbc2daf10ff{\nheight:50px;\n}\n<\/style>\n<div  class='hr av-heuw2-b8efd8dab132dd353dad0fbc2daf10ff hr-invisible  avia-builder-el-2  el_after_av_heading  el_before_av_one_full '><span class='hr-inner '><span class=\"hr-inner-style\"><\/span><\/span><\/div>\n<div  class='flex_column av-1utcm-24a1d8241763a43958724ba1b5e9a1e9 av_one_full  avia-builder-el-3  el_after_av_hr  el_before_av_one_full  first flex_column_div  '     ><p>\n<style type=\"text\/css\" data-created_by=\"avia_inline_auto\" id=\"style-css-av-1p5su-57eda315c14ae54f33ac731152d7216a\">\n@keyframes av_boxShadowEffect_av-1p5su-57eda315c14ae54f33ac731152d7216a {\n0%   { box-shadow:  0 0 0 0 ; opacity: 1; }\n100% { box-shadow:  0 0 10px 0 ; opacity: 1; }\n}\n.avia-image-container.av-1p5su-57eda315c14ae54f33ac731152d7216a img.avia_image{\nbox-shadow: 0 0 10px 0 ;\n}\n.avia-image-container.av-1p5su-57eda315c14ae54f33ac731152d7216a .av-image-caption-overlay-center{\ncolor:#ffffff;\n}\n<\/style>\n<div  class='avia-image-container av-1p5su-57eda315c14ae54f33ac731152d7216a av-styling-circle avia-align-center  avia-builder-el-4  el_before_av_hr  avia-builder-el-first  av-img-box-shadow av-box-shadow-not-animated'   itemprop=\"image\" itemscope=\"itemscope\" itemtype=\"https:\/\/schema.org\/ImageObject\" ><div class=\"avia-image-container-inner\"><div class=\"avia-image-overlay-wrap\"><img decoding=\"async\" fetchpriority=\"high\" class='wp-image-446 avia-img-lazy-loading-not-446 avia_image shadow-not-animated' src=\"https:\/\/childfullness.fr\/wp-content\/uploads\/2024\/02\/IMG_0967-2-300x286.jpg\" alt='' title='IMG_0967'  height=\"286\" width=\"300\"  itemprop=\"thumbnailUrl\" srcset=\"https:\/\/childfullness.fr\/wp-content\/uploads\/2024\/02\/IMG_0967-2-300x286.jpg 300w, https:\/\/childfullness.fr\/wp-content\/uploads\/2024\/02\/IMG_0967-2-1030x983.jpg 1030w, https:\/\/childfullness.fr\/wp-content\/uploads\/2024\/02\/IMG_0967-2-768x733.jpg 768w, https:\/\/childfullness.fr\/wp-content\/uploads\/2024\/02\/IMG_0967-2-705x673.jpg 705w, https:\/\/childfullness.fr\/wp-content\/uploads\/2024\/02\/IMG_0967-2.jpg 1478w\" sizes=\"(max-width: 300px) 100vw, 300px\" \/><\/div><\/div><\/div><br \/>\n\n<style type=\"text\/css\" data-created_by=\"avia_inline_auto\" id=\"style-css-av-7iiyi-b2adc77c45cb9ba14f0c097bc35097a3\">\n#top .hr.hr-invisible.av-7iiyi-b2adc77c45cb9ba14f0c097bc35097a3{\nheight:50px;\n}\n<\/style>\n<div  class='hr av-7iiyi-b2adc77c45cb9ba14f0c097bc35097a3 hr-invisible  avia-builder-el-5  el_after_av_image  avia-builder-el-last '><span class='hr-inner '><span class=\"hr-inner-style\"><\/span><\/span><\/div><\/p><\/div><div  class='flex_column av-lsucze2c-7d84241020022af870c60082065fe4db av_one_full  avia-builder-el-6  el_after_av_one_full  avia-builder-el-last  first flex_column_div  column-top-margin'     ><section  class='av_textblock_section av-lsucvs24-205b991f094c767e51d5a72ca5148421 '   itemscope=\"itemscope\" itemtype=\"https:\/\/schema.org\/CreativeWork\" ><div class='avia_textblock'  itemprop=\"text\" ><p>D\u00e9di\u00e9e depuis plus de 20 ans \u00e0 l\u2019\u00e9ducation des enfants en tant qu\u2019enseignante, \u00e9ducatrice &amp; directrice d\u2019\u00e9cole Montessori AMI, consultante p\u00e9dagogique et coach parental, je fonde Childfullness en Angleterre en 2017 pour former et \u00e9quiper les parents et les professionnels de l\u2019enfance \u00e0 soutenir\u00a0le d\u00e9veloppement complet des enfants de 2 \u00e0\u00a012 ans tout en respectant leur dignit\u00e9, leur unicit\u00e9 ainsi que leur mani\u00e8re naturelle d\u2019apprendre et de grandir.<\/p>\n<p>Passionn\u00e9e par l\u2019\u00e9ducation, l\u2019enfant et le d\u00e9veloppement de l\u2019\u00eatre humain, je m\u2019envole pour le Royaume-Uni \u00e0 la fin des ann\u00e9es 2000. Pendant 8 ans je me forme en continu \u00e0 la p\u00e9dagogie Montessori \u00e0 l&rsquo;Institut Maria Montessori de Londres (<a href=\"https:\/\/mariamontessori.org\/\" target=\"_blank\" rel=\"noopener\" data-saferedirecturl=\"https:\/\/www.google.com\/url?q=https:\/\/mariamontessori.org&amp;source=gmail&amp;ust=1716536102821000&amp;usg=AOvVaw1elTs2Yz8tf2xCFyUfenvD\">https:\/\/mariamontessori.org<\/a>) tout en y travaillant en tant qu&rsquo;\u00e9ducatrice Montessori AMI pour les enfants de 2 \u00e0 12 ans et en tant que directrice d\u2019une des \u00e9coles d\u2019application de l\u2019institut.<\/p>\n<p>Au sein de cet institut cr\u00e9\u00e9 par le fils de Maria Montessori dans les ann\u00e9es 50 et dirig\u00e9 aujourd\u2019hui par la directrice de l\u2019Association Montessori Internationale, j\u2019apprends \u00e0 observer scientifiquement les enfants, \u00e0 comprendre leur fonctionnement naturel et \u00e0 les accompagner \u00e0 d\u00e9velopper pleinement leurs capacit\u00e9s physiques, intellectuelles, cognitives, \u00e9motionnelles et sociales.<\/p>\n<p>A mon retour en France, tout en dirigeant une des plus anciennes \u00e9cole Montessori de France, je partage avec enthousiasme mes connaissances et comp\u00e9tences acquises en Angleterre. Je continue \u00e0 former activement des parents, des \u00e9ducateurs et des enseignants \u00e0 la p\u00e9dagogie Montessori et \u00e0 offrir des formations \u00e0 th\u00e8me sur des sujets vari\u00e9s comme la gestion des \u00e9motions, l\u2019adoption d\u2019un \u00e9tat d\u2019esprit de progr\u00e8s et de r\u00e9ussite, le d\u00e9veloppement de la confiance en soi et la construction d\u2019une identit\u00e9 unique.<\/p>\n<p>Aujourd\u2019hui chef d\u2019entreprise \u00e0 temps plein, je mets toute mon \u00e9nergie \u00e0 d\u00e9velopper Childfullness et \u00e0 faire d\u00e9couvrir au plus grand nombre l\u2019univers de l\u2019enfant. Je m\u2019adresse tout particuli\u00e8rement aux parents et \u00e0 tous les professionnels qui sont en contact au quotidien avec les enfants (professionnels de la sant\u00e9, de l\u2019\u00e9ducation, du sport, des arts, etc.).<\/p>\n<\/div><\/section><\/div><\/div><\/div><\/main><!-- close content main element --><\/div><\/div>\n<style type=\"text\/css\" data-created_by=\"avia_inline_auto\" id=\"style-css-av-lst75y1z-c346920f31005770d994b82de98566d0\">\n.avia-section.av-lst75y1z-c346920f31005770d994b82de98566d0{\nbackground-color:rgba(255,255,255,0.91);\nbackground-image:unset;\n}\n<\/style>\n<div id='av_section_2'  class='avia-section av-lst75y1z-c346920f31005770d994b82de98566d0 main_color avia-section-default avia-shadow  avia-builder-el-8  el_after_av_section  avia-builder-el-last  avia-bg-style-scroll container_wrap sidebar_right'  ><div class='container av-section-cont-open' ><div class='template-page content  av-content-small alpha units'><div class='post-entry post-entry-type-page post-entry-690'><div class='entry-content-wrapper clearfix'>\n\n<style type=\"text\/css\" data-created_by=\"avia_inline_auto\" id=\"style-css-av-lst6nenp-54012675d24e7c30942f4cd68bdc7265\">\n#top .av-special-heading.av-lst6nenp-54012675d24e7c30942f4cd68bdc7265{\npadding-bottom:20px;\nfont-size:30px;\n}\nbody .av-special-heading.av-lst6nenp-54012675d24e7c30942f4cd68bdc7265 .av-special-heading-tag .heading-char{\nfont-size:25px;\n}\n#top #wrap_all .av-special-heading.av-lst6nenp-54012675d24e7c30942f4cd68bdc7265 .av-special-heading-tag{\nfont-size:30px;\n}\n.av-special-heading.av-lst6nenp-54012675d24e7c30942f4cd68bdc7265 .av-subheading{\nfont-size:15px;\n}\n\n@media only screen and (min-width: 480px) and (max-width: 767px){ \n#top #wrap_all .av-special-heading.av-lst6nenp-54012675d24e7c30942f4cd68bdc7265 .av-special-heading-tag{\nfont-size:0.8em;\n}\n}\n\n@media only screen and (max-width: 479px){ \n#top #wrap_all .av-special-heading.av-lst6nenp-54012675d24e7c30942f4cd68bdc7265 .av-special-heading-tag{\nfont-size:0.8em;\n}\n}\n<\/style>\n<div  class='av-special-heading av-lst6nenp-54012675d24e7c30942f4cd68bdc7265 av-special-heading-h3 blockquote modern-quote modern-centered  avia-builder-el-9  el_before_av_hr  avia-builder-el-first  av-inherit-size'><h3 class='av-special-heading-tag'  itemprop=\"headline\"  >Contact  <\/h3><div class=\"special-heading-border\"><div class=\"special-heading-inner-border\"><\/div><\/div><\/div>\n\n<style type=\"text\/css\" data-created_by=\"avia_inline_auto\" id=\"style-css-av-yvi6-a33649111c803f047db7650f0753f1f9\">\n#top .hr.hr-invisible.av-yvi6-a33649111c803f047db7650f0753f1f9{\nheight:50px;\n}\n<\/style>\n<div  class='hr av-yvi6-a33649111c803f047db7650f0753f1f9 hr-invisible  avia-builder-el-10  el_after_av_heading  el_before_av_one_fifth '><span class='hr-inner '><span class=\"hr-inner-style\"><\/span><\/span><\/div>\n<div  class='flex_column av-3x9ae-caba96602e3fab9fb62ac25ceefcb114 av_one_fifth  avia-builder-el-11  el_after_av_hr  el_before_av_one_fifth  first flex_column_div  '     ><style type=\"text\/css\" data-created_by=\"avia_inline_auto\" id=\"style-css-av-lsubzhar-93a2fd09ad51be8482186d4138b4e314\">\n.av_font_icon.av-lsubzhar-93a2fd09ad51be8482186d4138b4e314{\ncolor:#bada55;\nborder-color:#bada55;\n}\n.av_font_icon.av-lsubzhar-93a2fd09ad51be8482186d4138b4e314 .av-icon-char{\nfont-size:50px;\nline-height:50px;\n}\n<\/style>\n<span  class='av_font_icon av-lsubzhar-93a2fd09ad51be8482186d4138b4e314 avia_animate_when_visible av-icon-style- avia-icon-pos-center avia-icon-animate'><a href='https:\/\/www.instagram.com\/childfullnesstips\/' target=\"_blank\" rel=\"noopener noreferrer\" class='av-icon-char' aria-hidden='true' data-av_icon='\uf16d' data-av_iconfont='entypo-fontello'><\/a><\/span><\/div><div  class='flex_column av-3av1e-a8ec1ba1efded690914e3055a537cc8c av_one_fifth  avia-builder-el-13  el_after_av_one_fifth  el_before_av_one_fifth  flex_column_div  '     ><style type=\"text\/css\" data-created_by=\"avia_inline_auto\" id=\"style-css-av-2i1oy-aaf9de1419e5880aefae2eecee2b87d3\">\n.av_font_icon.av-2i1oy-aaf9de1419e5880aefae2eecee2b87d3{\ncolor:#bada55;\nborder-color:#bada55;\n}\n.av_font_icon.av-2i1oy-aaf9de1419e5880aefae2eecee2b87d3 .av-icon-char{\nfont-size:50px;\nline-height:50px;\n}\n<\/style>\n<span  class='av_font_icon av-2i1oy-aaf9de1419e5880aefae2eecee2b87d3 avia_animate_when_visible av-icon-style- avia-icon-pos-center avia-icon-animate'><a href='https:\/\/fr.linkedin.com\/in\/perrier-marie-644b74100?original_referer=https%3A%2F%2Fchildfullness.fr%2F' target=\"_blank\" rel=\"noopener noreferrer\" class='av-icon-char' aria-hidden='true' data-av_icon='\ue8fd' data-av_iconfont='entypo-fontello'><\/a><\/span><\/div><div  class='flex_column av-236te-be05ed1078822d278e0980fdf4c5bec0 av_one_fifth  avia-builder-el-15  el_after_av_one_fifth  el_before_av_one_fifth  flex_column_div  '     ><style type=\"text\/css\" data-created_by=\"avia_inline_auto\" id=\"style-css-av-lst6u3t7-0e07ba8953dcb75239f16be36d849d8d\">\n.av_font_icon.av-lst6u3t7-0e07ba8953dcb75239f16be36d849d8d{\ncolor:#bada55;\nborder-color:#bada55;\n}\n.av_font_icon.av-lst6u3t7-0e07ba8953dcb75239f16be36d849d8d .av-icon-char{\nfont-size:50px;\nline-height:50px;\n}\n<\/style>\n<span  class='av_font_icon av-lst6u3t7-0e07ba8953dcb75239f16be36d849d8d avia_animate_when_visible av-icon-style- avia-icon-pos-center avia-icon-animate'><a href='https:\/\/www.facebook.com\/childfullnessUK?locale=fr_FR' target=\"_blank\" rel=\"noopener noreferrer\" class='av-icon-char' aria-hidden='true' data-av_icon='\ue8f4' data-av_iconfont='entypo-fontello'><\/a><\/span><\/div><div  class='flex_column av-1q1cy-987c29fd3673c50835b4b66f41e3292a av_one_fifth  avia-builder-el-17  el_after_av_one_fifth  el_before_av_one_fifth  flex_column_div  '     ><p>\n<style type=\"text\/css\" data-created_by=\"avia_inline_auto\" id=\"style-css-av-lst6wpqp-ac4d55b42ff3d8f35b8db3ed7271f4a8\">\n.av_font_icon.av-lst6wpqp-ac4d55b42ff3d8f35b8db3ed7271f4a8{\ncolor:#bada55;\nborder-color:#bada55;\n}\n.av_font_icon.av-lst6wpqp-ac4d55b42ff3d8f35b8db3ed7271f4a8 .av-icon-char{\nfont-size:50px;\nline-height:50px;\n}\n<\/style>\n<span  class='av_font_icon av-lst6wpqp-ac4d55b42ff3d8f35b8db3ed7271f4a8 avia_animate_when_visible av-icon-style- avia-icon-pos-center avia-icon-animate'><span class='av-icon-char' aria-hidden='true' data-av_icon='\ue805' data-av_iconfont='entypo-fontello' ><\/span><\/span><br \/>\n\n<style type=\"text\/css\" data-created_by=\"avia_inline_auto\" id=\"style-css-av-lsufaoa7-d0cb732fdf204ef989366106c843f939\">\n#top .av-special-heading.av-lsufaoa7-d0cb732fdf204ef989366106c843f939{\npadding-bottom:10px;\n}\nbody .av-special-heading.av-lsufaoa7-d0cb732fdf204ef989366106c843f939 .av-special-heading-tag .heading-char{\nfont-size:25px;\n}\n.av-special-heading.av-lsufaoa7-d0cb732fdf204ef989366106c843f939 .av-subheading{\nfont-size:15px;\n}\n<\/style>\n<div  class='av-special-heading av-lsufaoa7-d0cb732fdf204ef989366106c843f939 av-special-heading-h5 blockquote modern-quote modern-centered  avia-builder-el-19  el_after_av_font_icon  avia-builder-el-last '><h5 class='av-special-heading-tag'  itemprop=\"headline\"  >contact@childfullness.fr<\/h5><div class=\"special-heading-border\"><div class=\"special-heading-inner-border\"><\/div><\/div><\/div><\/p><\/div><div  class='flex_column av-p7cu-8ffc8074145918e0bdc880a9dd1b9754 av_one_fifth  avia-builder-el-20  el_after_av_one_fifth  avia-builder-el-last  flex_column_div  '     ><p>\n<style type=\"text\/css\" data-created_by=\"avia_inline_auto\" id=\"style-css-av-lsuc1daa-50c731c98289db19d27176eb049c96e8\">\n.av_font_icon.av-lsuc1daa-50c731c98289db19d27176eb049c96e8{\ncolor:#bada55;\nborder-color:#bada55;\n}\n.av_font_icon.av-lsuc1daa-50c731c98289db19d27176eb049c96e8 .av-icon-char{\nfont-size:50px;\nline-height:50px;\n}\n<\/style>\n<span  class='av_font_icon av-lsuc1daa-50c731c98289db19d27176eb049c96e8 avia_animate_when_visible av-icon-style- avia-icon-pos-center avia-icon-animate'><span class='av-icon-char' aria-hidden='true' data-av_icon='\uf232' data-av_iconfont='entypo-fontello' ><\/span><\/span><br \/>\n\n<style type=\"text\/css\" data-created_by=\"avia_inline_auto\" id=\"style-css-av-lsufbe7h-0f91f4b0f0ea24f3bb7705493255d949\">\n#top .av-special-heading.av-lsufbe7h-0f91f4b0f0ea24f3bb7705493255d949{\npadding-bottom:10px;\n}\nbody .av-special-heading.av-lsufbe7h-0f91f4b0f0ea24f3bb7705493255d949 .av-special-heading-tag .heading-char{\nfont-size:25px;\n}\n.av-special-heading.av-lsufbe7h-0f91f4b0f0ea24f3bb7705493255d949 .av-subheading{\nfont-size:15px;\n}\n<\/style>\n<div  class='av-special-heading av-lsufbe7h-0f91f4b0f0ea24f3bb7705493255d949 av-special-heading-h5 blockquote modern-quote modern-centered  avia-builder-el-22  el_after_av_font_icon  avia-builder-el-last '><h5 class='av-special-heading-tag'  itemprop=\"headline\"  >+33 7 67 22 78 52<\/h5><div class=\"special-heading-border\"><div class=\"special-heading-inner-border\"><\/div><\/div><\/div><\/p><\/div>\n<\/div><\/div><\/div><!-- close content main div --><\/div><\/div><div id='after_section_2'  class='main_color av_default_container_wrap container_wrap sidebar_right'  ><div class='container av-section-cont-open' ><div class='template-page content  av-content-small alpha units'><div class='post-entry post-entry-type-page post-entry-690'><div class='entry-content-wrapper clearfix'><\/p>\n","protected":false},"excerpt":{"rendered":"","protected":false},"author":2,"featured_media":0,"parent":510,"menu_order":0,"comment_status":"closed","ping_status":"closed","template":"","meta":{"footnotes":""},"class_list":["post-690","page","type-page","status-publish","hentry"],"_links":{"self":[{"href":"https:\/\/childfullness.fr\/index.php?rest_route=\/wp\/v2\/pages\/690","targetHints":{"allow":["GET"]}}],"collection":[{"href":"https:\/\/childfullness.fr\/index.php?rest_route=\/wp\/v2\/pages"}],"about":[{"href":"https:\/\/childfullness.fr\/index.php?rest_route=\/wp\/v2\/types\/page"}],"author":[{"embeddable":true,"href":"https:\/\/childfullness.fr\/index.php?rest_route=\/wp\/v2\/users\/2"}],"replies":[{"embeddable":true,"href":"https:\/\/childfullness.fr\/index.php?rest_route=%2Fwp%2Fv2%2Fcomments&post=690"}],"version-history":[{"count":12,"href":"https:\/\/childfullness.fr\/index.php?rest_route=\/wp\/v2\/pages\/690\/revisions"}],"predecessor-version":[{"id":852,"href":"https:\/\/childfullness.fr\/index.php?rest_route=\/wp\/v2\/pages\/690\/revisions\/852"}],"up":[{"embeddable":true,"href":"https:\/\/childfullness.fr\/index.php?rest_route=\/wp\/v2\/pages\/510"}],"wp:attachment":[{"href":"https:\/\/childfullness.fr\/index.php?rest_route=%2Fwp%2Fv2%2Fmedia&parent=690"}],"curies":[{"name":"wp","href":"https:\/\/api.w.org\/{rel}","templated":true}]}}